{"id":1749,"date":"2025-08-14T09:02:18","date_gmt":"2025-08-14T09:02:18","guid":{"rendered":"https:\/\/toplearnonline.com\/?post_type=product&#038;p=1749"},"modified":"2025-08-14T09:02:18","modified_gmt":"2025-08-14T09:02:18","slug":"the-simple-french-kitchen","status":"publish","type":"product","link":"https:\/\/toplearnonline.com\/?product=the-simple-french-kitchen","title":{"rendered":"The Simple French Kitchen"},"content":{"rendered":"<p><span class=\"a-text-bold\">Timeless French recipes\u2014made simple for today\u2019s kitchen.<\/span><\/p>\n<p><span class=\"a-text-bold\">The Simple French Kitchen<\/span>\u00a0is your guide to mastering the heart and soul of traditional French cooking without the complexity. Perfect for home cooks of all levels, this cookbook makes rustic, flavorful French cuisine approachable, using everyday ingredients and modern methods.<\/p>\n<p>From rich stews and savory tarts to airy souffl\u00e9s and sweet cr\u00eapes, each recipe is crafted with ease and authenticity in mind\u2014bringing old-world flavor to your home table.\u00a0<a href=\"https:\/\/www.amazon.com\/dp\/B0FKBB8NJJ\">https:\/\/www.amazon.com\/dp\/B0FKBB8NJJ<\/a><\/p>\n<p>What\u2019s inside:<\/p>\n<ul class=\"a-unordered-list a-vertical\">\n<li><span class=\"a-list-item\">\ud83c\udf77\u00a0<span class=\"a-text-bold\">70+ classic French recipes<\/span>\u00a0simplified for home cooks<\/span><\/li>\n<li><span class=\"a-list-item\">\ud83e\udd56\u00a0<span class=\"a-text-bold\">Step-by-step instructions<\/span>\u00a0with no fancy equipment required<\/span><\/li>\n<li><span class=\"a-list-item\">\ud83e\uddc4\u00a0<span class=\"a-text-bold\">Traditional favorites<\/span>\u00a0like cassoulet, quiche Lorraine, and cr\u00e8me br\u00fbl\u00e9e<\/span><\/li>\n<li><span class=\"a-list-item\">\ud83e\udd58\u00a0<span class=\"a-text-bold\">French kitchen basics<\/span>\u2014stocks, sauces, and pastry doughs<\/span><\/li>\n<li><span class=\"a-list-item\">\ud83c\udf45\u00a0<span class=\"a-text-bold\">Modern twists on rustic dishes<\/span>\u00a0for everyday enjoyment<\/span><\/li>\n<\/ul>\n<p>Whether you\u2019re just starting out or looking to expand your skills, this book makes French cooking feel like second nature.<\/p>\n","protected":false},"excerpt":{"rendered":"<p><span class=\"a-text-bold\">Timeless French recipes\u2014made simple for today\u2019s kitchen.<\/span><\/p>\n<p><span class=\"a-text-bold\">The Simple French Kitchen<\/span>\u00a0is your guide to mastering the heart and soul of traditional French cooking without the complexity. Perfect for home cooks of all levels, this cookbook makes rustic, flavorful French cuisine approachable, using everyday ingredients and modern methods.<\/p>\n<p>From rich stews and savory tarts to airy souffl\u00e9s and sweet cr\u00eapes, each recipe is crafted with ease and authenticity in mind\u2014bringing old-world flavor to your home table.\u00a0<a href=\"https:\/\/www.amazon.com\/dp\/B0FKBB8NJJ\">https:\/\/www.amazon.com\/dp\/B0FKBB8NJJ<\/a><\/p>\n","protected":false},"featured_media":1750,"comment_status":"open","ping_status":"closed","template":"","meta":{"_surecart_dashboard_logo_width":"180px","_surecart_dashboard_show_logo":true,"_surecart_dashboard_navigation_orders":true,"_surecart_dashboard_navigation_invoices":true,"_surecart_dashboard_navigation_subscriptions":true,"_surecart_dashboard_navigation_downloads":true,"_surecart_dashboard_navigation_billing":true,"_surecart_dashboard_navigation_account":true,"site-sidebar-layout":"default","site-content-layout":"","ast-site-content-layout":"default","site-content-style":"default","site-sidebar-style":"default","ast-global-header-display":"","ast-banner-title-visibility":"","ast-main-header-display":"","ast-hfb-above-header-display":"","ast-hfb-below-header-display":"","ast-hfb-mobile-header-display":"","site-post-title":"","ast-breadcrumbs-content":"","ast-featured-img":"","footer-sml-layout":"","ast-disable-related-posts":"","theme-transparent-header-meta":"default","adv-header-id-meta":"","stick-header-meta":"","header-above-stick-meta":"","header-main-stick-meta":"","header-below-stick-meta":"","astra-migrate-meta-layouts":"set","ast-page-background-enabled":"default","ast-page-background-meta":{"desktop":{"background-color":"","background-image":"","background-repeat":"repeat","background-position":"center center","background-size":"auto","background-attachment":"scroll","background-type":"","background-media":"","overlay-type":"","overlay-color":"","overlay-opacity":"","overlay-gradient":""},"tablet":{"background-color":"","background-image":"","background-repeat":"repeat","background-position":"center center","background-size":"auto","background-attachment":"scroll","background-type":"","background-media":"","overlay-type":"","overlay-color":"","overlay-opacity":"","overlay-gradient":""},"mobile":{"background-color":"","background-image":"","background-repeat":"repeat","background-position":"center center","background-size":"auto","background-attachment":"scroll","background-type":"","background-media":"","overlay-type":"","overlay-color":"","overlay-opacity":"","overlay-gradient":""}},"ast-content-background-meta":{"desktop":{"background-color":"var(--ast-global-color-5)","background-image":"","background-repeat":"repeat","background-position":"center center","background-size":"auto","background-attachment":"scroll","background-type":"","background-media":"","overlay-type":"","overlay-color":"","overlay-opacity":"","overlay-gradient":""},"tablet":{"background-color":"var(--ast-global-color-5)","background-image":"","background-repeat":"repeat","background-position":"center center","background-size":"auto","background-attachment":"scroll","background-type":"","background-media":"","overlay-type":"","overlay-color":"","overlay-opacity":"","overlay-gradient":""},"mobile":{"background-color":"var(--ast-global-color-5)","background-image":"","background-repeat":"repeat","background-position":"center center","background-size":"auto","background-attachment":"scroll","background-type":"","background-media":"","overlay-type":"","overlay-color":"","overlay-opacity":"","overlay-gradient":""}}},"product_brand":[],"product_cat":[44],"product_tag":[103],"class_list":{"0":"post-1749","1":"product","2":"type-product","3":"status-publish","4":"has-post-thumbnail","6":"product_cat-ebooks","7":"product_tag-the-simple-french-kitchen","8":"desktop-align-left","9":"tablet-align-left","10":"mobile-align-left","12":"first","13":"instock","14":"shipping-taxable","15":"product-type-external"},"yoast_head":"<!-- This site is optimized with the Yoast SEO plugin v27.6 - https:\/\/yoast.com\/product\/yoast-seo-wordpress\/ -->\n<title>The Simple French Kitchen - Top Learn Online<\/title>\n<meta name=\"description\" content=\"Discover the art of simple French recipes. Our guide demystifies classic cooking, showing you how to create elegant, flavorful dishes with minimal effort.\" \/>\n<meta name=\"robots\" content=\"index, follow, max-snippet:-1, max-image-preview:large, max-video-preview:-1\" \/>\n<link rel=\"canonical\" href=\"https:\/\/toplearnonline.com\/?product=the-simple-french-kitchen\" \/>\n<meta property=\"og:locale\" content=\"en_US\" \/>\n<meta property=\"og:type\" content=\"article\" \/>\n<meta property=\"og:title\" content=\"The Simple French Kitchen - Top Learn Online\" \/>\n<meta property=\"og:description\" content=\"Discover the art of simple French recipes. Our guide demystifies classic cooking, showing you how to create elegant, flavorful dishes with minimal effort.\" \/>\n<meta property=\"og:url\" content=\"https:\/\/toplearnonline.com\/?product=the-simple-french-kitchen\" \/>\n<meta property=\"og:site_name\" content=\"Top Learn Online\" \/>\n<meta property=\"article:publisher\" content=\"https:\/\/www.facebook.com\/profile.php?id=61569070946405\" \/>\n<meta property=\"og:image\" content=\"https:\/\/toplearnonline.com\/wp-content\/uploads\/2025\/08\/the-simple-french-kitchen-traditional-dishes-for-modern-home-cooks_6888895c.cover_.jpg\" \/>\n\t<meta property=\"og:image:width\" content=\"1414\" \/>\n\t<meta property=\"og:image:height\" content=\"2000\" \/>\n\t<meta property=\"og:image:type\" content=\"image\/jpeg\" \/>\n<meta name=\"twitter:card\" content=\"summary_large_image\" \/>\n<meta name=\"twitter:label1\" content=\"Est. reading time\" \/>\n\t<meta name=\"twitter:data1\" content=\"1 minute\" \/>\n<script type=\"application\/ld+json\" class=\"yoast-schema-graph\">{\"@context\":\"https:\\\/\\\/schema.org\",\"@graph\":[{\"@type\":\"WebPage\",\"@id\":\"https:\\\/\\\/toplearnonline.com\\\/?product=the-simple-french-kitchen\",\"url\":\"https:\\\/\\\/toplearnonline.com\\\/?product=the-simple-french-kitchen\",\"name\":\"The Simple French Kitchen - Top Learn Online\",\"isPartOf\":{\"@id\":\"https:\\\/\\\/toplearnonline.com\\\/#website\"},\"primaryImageOfPage\":{\"@id\":\"https:\\\/\\\/toplearnonline.com\\\/?product=the-simple-french-kitchen#primaryimage\"},\"image\":{\"@id\":\"https:\\\/\\\/toplearnonline.com\\\/?product=the-simple-french-kitchen#primaryimage\"},\"thumbnailUrl\":\"https:\\\/\\\/toplearnonline.com\\\/wp-content\\\/uploads\\\/2025\\\/08\\\/the-simple-french-kitchen-traditional-dishes-for-modern-home-cooks_6888895c.cover_.jpg\",\"datePublished\":\"2025-08-14T09:02:18+00:00\",\"description\":\"Discover the art of simple French recipes. Our guide demystifies classic cooking, showing you how to create elegant, flavorful dishes with minimal effort.\",\"breadcrumb\":{\"@id\":\"https:\\\/\\\/toplearnonline.com\\\/?product=the-simple-french-kitchen#breadcrumb\"},\"inLanguage\":\"en-US\",\"potentialAction\":[{\"@type\":\"ReadAction\",\"target\":[\"https:\\\/\\\/toplearnonline.com\\\/?product=the-simple-french-kitchen\"]}]},{\"@type\":\"ImageObject\",\"inLanguage\":\"en-US\",\"@id\":\"https:\\\/\\\/toplearnonline.com\\\/?product=the-simple-french-kitchen#primaryimage\",\"url\":\"https:\\\/\\\/toplearnonline.com\\\/wp-content\\\/uploads\\\/2025\\\/08\\\/the-simple-french-kitchen-traditional-dishes-for-modern-home-cooks_6888895c.cover_.jpg\",\"contentUrl\":\"https:\\\/\\\/toplearnonline.com\\\/wp-content\\\/uploads\\\/2025\\\/08\\\/the-simple-french-kitchen-traditional-dishes-for-modern-home-cooks_6888895c.cover_.jpg\",\"width\":1414,\"height\":2000,\"caption\":\"The Simple French Kitchen\"},{\"@type\":\"BreadcrumbList\",\"@id\":\"https:\\\/\\\/toplearnonline.com\\\/?product=the-simple-french-kitchen#breadcrumb\",\"itemListElement\":[{\"@type\":\"ListItem\",\"position\":1,\"name\":\"Home\",\"item\":\"https:\\\/\\\/toplearnonline.com\\\/\"},{\"@type\":\"ListItem\",\"position\":2,\"name\":\"Shop\",\"item\":\"https:\\\/\\\/toplearnonline.com\\\/?page_id=1529\"},{\"@type\":\"ListItem\",\"position\":3,\"name\":\"The Simple French Kitchen\"}]},{\"@type\":\"WebSite\",\"@id\":\"https:\\\/\\\/toplearnonline.com\\\/#website\",\"url\":\"https:\\\/\\\/toplearnonline.com\\\/\",\"name\":\"Top Learn Online\",\"description\":\"\",\"publisher\":{\"@id\":\"https:\\\/\\\/toplearnonline.com\\\/#organization\"},\"potentialAction\":[{\"@type\":\"SearchAction\",\"target\":{\"@type\":\"EntryPoint\",\"urlTemplate\":\"https:\\\/\\\/toplearnonline.com\\\/?s={search_term_string}\"},\"query-input\":{\"@type\":\"PropertyValueSpecification\",\"valueRequired\":true,\"valueName\":\"search_term_string\"}}],\"inLanguage\":\"en-US\"},{\"@type\":\"Organization\",\"@id\":\"https:\\\/\\\/toplearnonline.com\\\/#organization\",\"name\":\"Top Learn Online\",\"url\":\"https:\\\/\\\/toplearnonline.com\\\/\",\"logo\":{\"@type\":\"ImageObject\",\"inLanguage\":\"en-US\",\"@id\":\"https:\\\/\\\/toplearnonline.com\\\/#\\\/schema\\\/logo\\\/image\\\/\",\"url\":\"https:\\\/\\\/toplearnonline.com\\\/wp-content\\\/uploads\\\/2024\\\/11\\\/TOP-LEARN-ONLINE-1.webp\",\"contentUrl\":\"https:\\\/\\\/toplearnonline.com\\\/wp-content\\\/uploads\\\/2024\\\/11\\\/TOP-LEARN-ONLINE-1.webp\",\"width\":500,\"height\":500,\"caption\":\"Top Learn Online\"},\"image\":{\"@id\":\"https:\\\/\\\/toplearnonline.com\\\/#\\\/schema\\\/logo\\\/image\\\/\"},\"sameAs\":[\"https:\\\/\\\/www.facebook.com\\\/profile.php?id=61569070946405\"]}]}<\/script>\n<!-- \/ Yoast SEO plugin. -->","yoast_head_json":{"title":"The Simple French Kitchen - Top Learn Online","description":"Discover the art of simple French recipes. Our guide demystifies classic cooking, showing you how to create elegant, flavorful dishes with minimal effort.","robots":{"index":"index","follow":"follow","max-snippet":"max-snippet:-1","max-image-preview":"max-image-preview:large","max-video-preview":"max-video-preview:-1"},"canonical":"https:\/\/toplearnonline.com\/?product=the-simple-french-kitchen","og_locale":"en_US","og_type":"article","og_title":"The Simple French Kitchen - Top Learn Online","og_description":"Discover the art of simple French recipes. Our guide demystifies classic cooking, showing you how to create elegant, flavorful dishes with minimal effort.","og_url":"https:\/\/toplearnonline.com\/?product=the-simple-french-kitchen","og_site_name":"Top Learn Online","article_publisher":"https:\/\/www.facebook.com\/profile.php?id=61569070946405","og_image":[{"width":1414,"height":2000,"url":"https:\/\/toplearnonline.com\/wp-content\/uploads\/2025\/08\/the-simple-french-kitchen-traditional-dishes-for-modern-home-cooks_6888895c.cover_.jpg","type":"image\/jpeg"}],"twitter_card":"summary_large_image","twitter_misc":{"Est. reading time":"1 minute"},"schema":{"@context":"https:\/\/schema.org","@graph":[{"@type":"WebPage","@id":"https:\/\/toplearnonline.com\/?product=the-simple-french-kitchen","url":"https:\/\/toplearnonline.com\/?product=the-simple-french-kitchen","name":"The Simple French Kitchen - Top Learn Online","isPartOf":{"@id":"https:\/\/toplearnonline.com\/#website"},"primaryImageOfPage":{"@id":"https:\/\/toplearnonline.com\/?product=the-simple-french-kitchen#primaryimage"},"image":{"@id":"https:\/\/toplearnonline.com\/?product=the-simple-french-kitchen#primaryimage"},"thumbnailUrl":"https:\/\/toplearnonline.com\/wp-content\/uploads\/2025\/08\/the-simple-french-kitchen-traditional-dishes-for-modern-home-cooks_6888895c.cover_.jpg","datePublished":"2025-08-14T09:02:18+00:00","description":"Discover the art of simple French recipes. Our guide demystifies classic cooking, showing you how to create elegant, flavorful dishes with minimal effort.","breadcrumb":{"@id":"https:\/\/toplearnonline.com\/?product=the-simple-french-kitchen#breadcrumb"},"inLanguage":"en-US","potentialAction":[{"@type":"ReadAction","target":["https:\/\/toplearnonline.com\/?product=the-simple-french-kitchen"]}]},{"@type":"ImageObject","inLanguage":"en-US","@id":"https:\/\/toplearnonline.com\/?product=the-simple-french-kitchen#primaryimage","url":"https:\/\/toplearnonline.com\/wp-content\/uploads\/2025\/08\/the-simple-french-kitchen-traditional-dishes-for-modern-home-cooks_6888895c.cover_.jpg","contentUrl":"https:\/\/toplearnonline.com\/wp-content\/uploads\/2025\/08\/the-simple-french-kitchen-traditional-dishes-for-modern-home-cooks_6888895c.cover_.jpg","width":1414,"height":2000,"caption":"The Simple French Kitchen"},{"@type":"BreadcrumbList","@id":"https:\/\/toplearnonline.com\/?product=the-simple-french-kitchen#breadcrumb","itemListElement":[{"@type":"ListItem","position":1,"name":"Home","item":"https:\/\/toplearnonline.com\/"},{"@type":"ListItem","position":2,"name":"Shop","item":"https:\/\/toplearnonline.com\/?page_id=1529"},{"@type":"ListItem","position":3,"name":"The Simple French Kitchen"}]},{"@type":"WebSite","@id":"https:\/\/toplearnonline.com\/#website","url":"https:\/\/toplearnonline.com\/","name":"Top Learn Online","description":"","publisher":{"@id":"https:\/\/toplearnonline.com\/#organization"},"potentialAction":[{"@type":"SearchAction","target":{"@type":"EntryPoint","urlTemplate":"https:\/\/toplearnonline.com\/?s={search_term_string}"},"query-input":{"@type":"PropertyValueSpecification","valueRequired":true,"valueName":"search_term_string"}}],"inLanguage":"en-US"},{"@type":"Organization","@id":"https:\/\/toplearnonline.com\/#organization","name":"Top Learn Online","url":"https:\/\/toplearnonline.com\/","logo":{"@type":"ImageObject","inLanguage":"en-US","@id":"https:\/\/toplearnonline.com\/#\/schema\/logo\/image\/","url":"https:\/\/toplearnonline.com\/wp-content\/uploads\/2024\/11\/TOP-LEARN-ONLINE-1.webp","contentUrl":"https:\/\/toplearnonline.com\/wp-content\/uploads\/2024\/11\/TOP-LEARN-ONLINE-1.webp","width":500,"height":500,"caption":"Top Learn Online"},"image":{"@id":"https:\/\/toplearnonline.com\/#\/schema\/logo\/image\/"},"sameAs":["https:\/\/www.facebook.com\/profile.php?id=61569070946405"]}]}},"_links":{"self":[{"href":"https:\/\/toplearnonline.com\/index.php?rest_route=\/wp\/v2\/product\/1749","targetHints":{"allow":["GET"]}}],"collection":[{"href":"https:\/\/toplearnonline.com\/index.php?rest_route=\/wp\/v2\/product"}],"about":[{"href":"https:\/\/toplearnonline.com\/index.php?rest_route=\/wp\/v2\/types\/product"}],"replies":[{"embeddable":true,"href":"https:\/\/toplearnonline.com\/index.php?rest_route=%2Fwp%2Fv2%2Fcomments&post=1749"}],"version-history":[{"count":0,"href":"https:\/\/toplearnonline.com\/index.php?rest_route=\/wp\/v2\/product\/1749\/revisions"}],"wp:featuredmedia":[{"embeddable":true,"href":"https:\/\/toplearnonline.com\/index.php?rest_route=\/wp\/v2\/media\/1750"}],"wp:attachment":[{"href":"https:\/\/toplearnonline.com\/index.php?rest_route=%2Fwp%2Fv2%2Fmedia&parent=1749"}],"wp:term":[{"taxonomy":"product_brand","embeddable":true,"href":"https:\/\/toplearnonline.com\/index.php?rest_route=%2Fwp%2Fv2%2Fproduct_brand&post=1749"},{"taxonomy":"product_cat","embeddable":true,"href":"https:\/\/toplearnonline.com\/index.php?rest_route=%2Fwp%2Fv2%2Fproduct_cat&post=1749"},{"taxonomy":"product_tag","embeddable":true,"href":"https:\/\/toplearnonline.com\/index.php?rest_route=%2Fwp%2Fv2%2Fproduct_tag&post=1749"}],"curies":[{"name":"wp","href":"https:\/\/api.w.org\/{rel}","templated":true}]}}